{"id":11,"date":"2023-04-17T14:45:48","date_gmt":"2023-04-17T18:45:48","guid":{"rendered":"https:\/\/celtex.cl\/?page_id=11"},"modified":"2026-01-21T08:50:02","modified_gmt":"2026-01-21T11:50:02","slug":"nosotros","status":"publish","type":"page","link":"https:\/\/celtex.cl\/en\/about-us\/","title":{"rendered":"About us"},"content":{"rendered":"<h1>About us<\/h1>\n<p>At Celtex we believe in innovation and global industry trends. For us, Innovation is a team effort, which is why we participate in different projects with leading companies and institutions in Chile to deliver innovative and high-quality products.<\/p>\n<p>Since 1959, Celtex has provided valuable solutions for different industries. Today, through strategic alliances with leading foreign suppliers in the European market, we continue to deliver innovative, recyclable and compostable products to satisfy the demands of our customers in the different markets where they participate.<\/p>\n<p>In all our years of operation, we have focused all efforts on the concept of \u201cadding value\u201d to our clients, beyond the traditional concept of \u201csupplier\u201d, consolidating our pillars year after year:<\/p>\n<ul>\n<li style=\"text-align: left;\">Our people<\/li>\n<li style=\"text-align: left;\">Our Quality Policy<\/li>\n<li style=\"text-align: left;\">Innovation and Sustainability<\/li>\n<\/ul>\n<p><img loading=\"lazy\" decoding=\"async\" src=\"https:\/\/celtex.cl\/wp-content\/uploads\/2023\/11\/shutterstock_506140357.jpg\" sizes=\"auto, (max-width: 500px) 100vw, 500px\" srcset=\"https:\/\/celtex.cl\/wp-content\/uploads\/2023\/11\/shutterstock_506140357.jpg 500w, https:\/\/celtex.cl\/wp-content\/uploads\/2023\/11\/shutterstock_506140357-300x199.jpg 300w, https:\/\/celtex.cl\/wp-content\/uploads\/2023\/11\/shutterstock_506140357-18x12.jpg 18w\" alt=\"\" width=\"500\" height=\"332\" \/><\/p>\n<p>At Celtex our commitment and responsibility are to ensure the Quality and Safety of the manufactured Products, controlling that due attention is paid to each of our clients in order to satisfy their needs, specifications and requirements.<\/p>\n<p>Nuestro objetivo es y ser\u00e1 que la seguridad y garant\u00eda de los procesos de nuestro empaque est\u00e9 certificada y validada, a trav\u00e9s de la estandarizaci\u00f3n de nuestro sistema productivo desde hace muchos a\u00f1os. Con ello garantizamos tambi\u00e9n la calidad del producto final que fabricamos y ofrecemos una trazabilidad absoluta de las mismos.<\/p>\n<p>Thanks to this we provide our clients with interesting benefits and confidence. We collaborate with our clients in compliance with legal obligations in food safety and, therefore, protect their end consumers to the maximum. We ensure that our products manufactured in plants for the food sector and others are suitable for direct or indirect contact with food.<\/p>","protected":false},"excerpt":{"rendered":"<p>Nosotros En Celtex creemos en la innovaci\u00f3n y en las tendencias de la industria a nivel global. Para nosotros, la Innovaci\u00f3n es un trabajo de equipos, por eso, participamos en distintos proyectos con empresas e instituciones l\u00edderes en Chile para entregar productos innovadores y de una alta calidad. Desde 1959, Celtex ha entregado soluciones de [&hellip;]<\/p>","protected":false},"author":1,"featured_media":0,"parent":0,"menu_order":0,"comment_status":"closed","ping_status":"closed","template":"","meta":{"footnotes":""},"class_list":["post-11","page","type-page","status-publish","hentry"],"acf":[],"yoast_head":"<!-- This site is optimized with the Yoast SEO plugin v21.7 - https:\/\/yoast.com\/wordpress\/plugins\/seo\/ -->\n<title>CELTEX | Innovaci\u00f3n y productos innovadores y de una alta calidad<\/title>\n<meta name=\"description\" content=\"Celtex, innovaci\u00f3n y productos innovadores y de una alta calidad.\" \/>\n<meta name=\"robots\" content=\"index, follow, max-snippet:-1, max-image-preview:large, max-video-preview:-1\" \/>\n<link rel=\"canonical\" href=\"https:\/\/celtex.cl\/en\/about-us\/\" \/>\n<meta property=\"og:locale\" content=\"en_US\" \/>\n<meta property=\"og:type\" content=\"article\" \/>\n<meta property=\"og:title\" content=\"CELTEX | Innovaci\u00f3n y productos innovadores y de una alta calidad\" \/>\n<meta property=\"og:description\" content=\"Celtex, innovaci\u00f3n y productos innovadores y de una alta calidad.\" \/>\n<meta property=\"og:url\" content=\"https:\/\/celtex.cl\/en\/about-us\/\" \/>\n<meta property=\"og:site_name\" content=\"CELTEX\" \/>\n<meta property=\"article:modified_time\" content=\"2026-01-21T11:50:02+00:00\" \/>\n<meta property=\"og:image\" content=\"https:\/\/celtex.cl\/wp-content\/uploads\/2023\/11\/shutterstock_506140357.jpg\" \/>\n<meta name=\"twitter:card\" content=\"summary_large_image\" \/>\n<meta name=\"twitter:label1\" content=\"Est. reading time\" \/>\n\t<meta name=\"twitter:data1\" content=\"2 minutes\" \/>\n<script type=\"application\/ld+json\" class=\"yoast-schema-graph\">{\"@context\":\"https:\/\/schema.org\",\"@graph\":[{\"@type\":\"WebPage\",\"@id\":\"https:\/\/celtex.cl\/nosotros\/\",\"url\":\"https:\/\/celtex.cl\/nosotros\/\",\"name\":\"CELTEX | Innovaci\u00f3n y productos innovadores y de una alta calidad\",\"isPartOf\":{\"@id\":\"https:\/\/celtex.cl\/#website\"},\"datePublished\":\"2023-04-17T18:45:48+00:00\",\"dateModified\":\"2026-01-21T11:50:02+00:00\",\"description\":\"Celtex, innovaci\u00f3n y productos innovadores y de una alta calidad.\",\"breadcrumb\":{\"@id\":\"https:\/\/celtex.cl\/nosotros\/#breadcrumb\"},\"inLanguage\":\"en-US\",\"potentialAction\":[{\"@type\":\"ReadAction\",\"target\":[\"https:\/\/celtex.cl\/nosotros\/\"]}]},{\"@type\":\"BreadcrumbList\",\"@id\":\"https:\/\/celtex.cl\/nosotros\/#breadcrumb\",\"itemListElement\":[{\"@type\":\"ListItem\",\"position\":1,\"name\":\"Inicio\",\"item\":\"https:\/\/celtex.cl\/\"},{\"@type\":\"ListItem\",\"position\":2,\"name\":\"Nosotros\"}]},{\"@type\":\"WebSite\",\"@id\":\"https:\/\/celtex.cl\/#website\",\"url\":\"https:\/\/celtex.cl\/\",\"name\":\"CELTEX\",\"description\":\"60 a\u00f1os desarrollando variados productos derivados de celulosa.\",\"publisher\":{\"@id\":\"https:\/\/celtex.cl\/#organization\"},\"potentialAction\":[{\"@type\":\"SearchAction\",\"target\":{\"@type\":\"EntryPoint\",\"urlTemplate\":\"https:\/\/celtex.cl\/?s={search_term_string}\"},\"query-input\":\"required name=search_term_string\"}],\"inLanguage\":\"en-US\"},{\"@type\":\"Organization\",\"@id\":\"https:\/\/celtex.cl\/#organization\",\"name\":\"CELTEX\",\"url\":\"https:\/\/celtex.cl\/\",\"logo\":{\"@type\":\"ImageObject\",\"inLanguage\":\"en-US\",\"@id\":\"https:\/\/celtex.cl\/#\/schema\/logo\/image\/\",\"url\":\"https:\/\/celtex.cl\/wp-content\/uploads\/2023\/04\/logo-color.png\",\"contentUrl\":\"https:\/\/celtex.cl\/wp-content\/uploads\/2023\/04\/logo-color.png\",\"width\":300,\"height\":120,\"caption\":\"CELTEX\"},\"image\":{\"@id\":\"https:\/\/celtex.cl\/#\/schema\/logo\/image\/\"},\"sameAs\":[\"https:\/\/www.linkedin.com\/company\/celtex-s-a\/\"]}]}<\/script>\n<!-- \/ Yoast SEO plugin. -->","yoast_head_json":{"title":"CELTEX | Innovaci\u00f3n y productos innovadores y de una alta calidad","description":"Celtex, innovaci\u00f3n y productos innovadores y de una alta calidad.","robots":{"index":"index","follow":"follow","max-snippet":"max-snippet:-1","max-image-preview":"max-image-preview:large","max-video-preview":"max-video-preview:-1"},"canonical":"https:\/\/celtex.cl\/en\/about-us\/","og_locale":"en_US","og_type":"article","og_title":"CELTEX | Innovaci\u00f3n y productos innovadores y de una alta calidad","og_description":"Celtex, innovaci\u00f3n y productos innovadores y de una alta calidad.","og_url":"https:\/\/celtex.cl\/en\/about-us\/","og_site_name":"CELTEX","article_modified_time":"2026-01-21T11:50:02+00:00","og_image":[{"url":"https:\/\/celtex.cl\/wp-content\/uploads\/2023\/11\/shutterstock_506140357.jpg"}],"twitter_card":"summary_large_image","twitter_misc":{"Est. reading time":"2 minutes"},"schema":{"@context":"https:\/\/schema.org","@graph":[{"@type":"WebPage","@id":"https:\/\/celtex.cl\/nosotros\/","url":"https:\/\/celtex.cl\/nosotros\/","name":"CELTEX | Innovaci\u00f3n y productos innovadores y de una alta calidad","isPartOf":{"@id":"https:\/\/celtex.cl\/#website"},"datePublished":"2023-04-17T18:45:48+00:00","dateModified":"2026-01-21T11:50:02+00:00","description":"Celtex, innovaci\u00f3n y productos innovadores y de una alta calidad.","breadcrumb":{"@id":"https:\/\/celtex.cl\/nosotros\/#breadcrumb"},"inLanguage":"en-US","potentialAction":[{"@type":"ReadAction","target":["https:\/\/celtex.cl\/nosotros\/"]}]},{"@type":"BreadcrumbList","@id":"https:\/\/celtex.cl\/nosotros\/#breadcrumb","itemListElement":[{"@type":"ListItem","position":1,"name":"Inicio","item":"https:\/\/celtex.cl\/"},{"@type":"ListItem","position":2,"name":"Nosotros"}]},{"@type":"WebSite","@id":"https:\/\/celtex.cl\/#website","url":"https:\/\/celtex.cl\/","name":"CELTEX","description":"60 a\u00f1os desarrollando variados productos derivados de celulosa.","publisher":{"@id":"https:\/\/celtex.cl\/#organization"},"potentialAction":[{"@type":"SearchAction","target":{"@type":"EntryPoint","urlTemplate":"https:\/\/celtex.cl\/?s={search_term_string}"},"query-input":"required name=search_term_string"}],"inLanguage":"en-US"},{"@type":"Organization","@id":"https:\/\/celtex.cl\/#organization","name":"CELTEX","url":"https:\/\/celtex.cl\/","logo":{"@type":"ImageObject","inLanguage":"en-US","@id":"https:\/\/celtex.cl\/#\/schema\/logo\/image\/","url":"https:\/\/celtex.cl\/wp-content\/uploads\/2023\/04\/logo-color.png","contentUrl":"https:\/\/celtex.cl\/wp-content\/uploads\/2023\/04\/logo-color.png","width":300,"height":120,"caption":"CELTEX"},"image":{"@id":"https:\/\/celtex.cl\/#\/schema\/logo\/image\/"},"sameAs":["https:\/\/www.linkedin.com\/company\/celtex-s-a\/"]}]}},"_links":{"self":[{"href":"https:\/\/celtex.cl\/en\/wp-json\/wp\/v2\/pages\/11","targetHints":{"allow":["GET"]}}],"collection":[{"href":"https:\/\/celtex.cl\/en\/wp-json\/wp\/v2\/pages"}],"about":[{"href":"https:\/\/celtex.cl\/en\/wp-json\/wp\/v2\/types\/page"}],"author":[{"embeddable":true,"href":"https:\/\/celtex.cl\/en\/wp-json\/wp\/v2\/users\/1"}],"replies":[{"embeddable":true,"href":"https:\/\/celtex.cl\/en\/wp-json\/wp\/v2\/comments?post=11"}],"version-history":[{"count":90,"href":"https:\/\/celtex.cl\/en\/wp-json\/wp\/v2\/pages\/11\/revisions"}],"predecessor-version":[{"id":2126,"href":"https:\/\/celtex.cl\/en\/wp-json\/wp\/v2\/pages\/11\/revisions\/2126"}],"wp:attachment":[{"href":"https:\/\/celtex.cl\/en\/wp-json\/wp\/v2\/media?parent=11"}],"curies":[{"name":"wp","href":"https:\/\/api.w.org\/{rel}","templated":true}]}}